{"id":9,"date":"2017-07-26T11:57:34","date_gmt":"2017-07-26T14:57:34","guid":{"rendered":"http:\/\/conduweb.com.br\/blog\/?page_id=9"},"modified":"2017-07-26T12:25:30","modified_gmt":"2017-07-26T15:25:30","slug":"contato","status":"publish","type":"page","link":"http:\/\/conduweb.com.br\/wordpress\/contato\/","title":{"rendered":"Contato"},"content":{"rendered":"<p>N\u00e3o perca tempo e solicite agora mesmo mais informa\u00e7\u00f5es sobre o Conduweb e veja como \u00e9 f\u00e1cil implantar o use em seu condom\u00ednio<\/p>\n","protected":false},"excerpt":{"rendered":"<p>N\u00e3o perca tempo e solicite agora mesmo mais informa\u00e7\u00f5es sobre o Conduweb e veja como \u00e9 f\u00e1cil implantar o use em seu condom\u00ednio<\/p>\n","protected":false},"author":1,"featured_media":0,"parent":0,"menu_order":0,"comment_status":"closed","ping_status":"closed","template":"","meta":{"footnotes":""},"class_list":["post-9","page","type-page","status-publish","hentry"],"_links":{"self":[{"href":"http:\/\/conduweb.com.br\/wordpress\/wp-json\/wp\/v2\/pages\/9","targetHints":{"allow":["GET"]}}],"collection":[{"href":"http:\/\/conduweb.com.br\/wordpress\/wp-json\/wp\/v2\/pages"}],"about":[{"href":"http:\/\/conduweb.com.br\/wordpress\/wp-json\/wp\/v2\/types\/page"}],"author":[{"embeddable":true,"href":"http:\/\/conduweb.com.br\/wordpress\/wp-json\/wp\/v2\/users\/1"}],"replies":[{"embeddable":true,"href":"http:\/\/conduweb.com.br\/wordpress\/wp-json\/wp\/v2\/comments?post=9"}],"version-history":[{"count":2,"href":"http:\/\/conduweb.com.br\/wordpress\/wp-json\/wp\/v2\/pages\/9\/revisions"}],"predecessor-version":[{"id":36,"href":"http:\/\/conduweb.com.br\/wordpress\/wp-json\/wp\/v2\/pages\/9\/revisions\/36"}],"wp:attachment":[{"href":"http:\/\/conduweb.com.br\/wordpress\/wp-json\/wp\/v2\/media?parent=9"}],"curies":[{"name":"wp","href":"https:\/\/api.w.org\/{rel}","templated":true}]}}